{"id":1625,"date":"2023-04-05T08:39:29","date_gmt":"2023-04-05T08:39:29","guid":{"rendered":"https:\/\/imobiliart.com\/services\/"},"modified":"2024-04-29T20:38:07","modified_gmt":"2024-04-29T20:38:07","slug":"services","status":"publish","type":"page","link":"https:\/\/imobiliart.com\/fr\/services\/","title":{"rendered":"Services"},"content":{"rendered":"\t\t<div data-elementor-type=\"wp-page\" data-elementor-id=\"1625\" class=\"elementor elementor-1625 elementor-24\">\n\t\t\t\t\t\t\t\t\t<section class=\"elementor-section elementor-top-section elementor-element elementor-element-956040d elementor-section-full_width elementor-section-height-default elementor-section-height-default\" data-id=\"956040d\" data-element_type=\"section\">\n\t\t\t\t\t\t<div class=\"elementor-container elementor-column-gap-no\">\n\t\t\t\t\t<div class=\"elementor-column elementor-col-100 elementor-top-column elementor-element elementor-element-d2a44a4\" data-id=\"d2a44a4\" data-element_type=\"column\">\n\t\t\t<div class=\"elementor-widget-wrap elementor-element-populated\">\n\t\t\t\t\t\t\t\t<div class=\"elementor-element elementor-element-42b5500 elementor-widget elementor-widget-wpo-arkitek_title\" data-id=\"42b5500\" data-element_type=\"widget\" data-widget_type=\"wpo-arkitek_title.default\">\n\t\t\t\t<div class=\"elementor-widget-container\">\n\t\t\t\t\t<div class=\"container\">\n\t\t\t<div class=\"row justify-content-center\">\n\t\t\t\t<div class=\"col-lg-6 col-12\">\n\t\t\t\t\t<div class=\"wpo-section-title\">\n\t\t\t\t\t\t<span>D\u00e9couvrez nos<\/span><h2>Services immobiliers<\/h2>\t\t\t\t\t<\/div>\n\t\t\t\t<\/div>\n\t\t\t<\/div>\n\t\t<\/div>\n\t\t<\/div>\n\t\t\t\t<\/div>\n\t\t\t\t<div class=\"elementor-element elementor-element-9ec65c1 elementor-widget elementor-widget-wpo-arkitek_service\" data-id=\"9ec65c1\" data-element_type=\"widget\" data-widget_type=\"wpo-arkitek_service.default\">\n\t\t\t\t<div class=\"elementor-widget-container\">\n\t\t\t\n\t\t\t\t\t<div class=\"arkitek-service-area\">\n\t\t\t\t<div class=\"container\">\n\t\t\t\t\t<div class=\"arkitek-service-wrap\">\n\t\t\t\t\t\t<div class=\"row\">\n\t\t\t\t\t\t\t\t\t\t\t\t\t\t\t\t<div class=\"col col-lg-3 col-md-6 col-12\">\n\t\t\t\t\t\t\t\t\t\t<div class=\"arkitek-service-item\">\n\t\t\t\t\t\t\t\t\t\t\t<img decoding=\"async\" src=\"https:\/\/imobiliart.com\/wp-content\/uploads\/2023\/01\/talk.png\" alt=\"\">\t\t\t\t\t\t\t\t\t\t\t<h2>\n\t\t\t\t\t\t\t\t\t\t\t\t<a href=\"https:\/\/imobiliart.com\/fr\/service\/conseil-en-immobilier\/\">\n\t\t\t\t\t\t\t\t\t\t\t\t\tConseil en immobilier<\/a>\n\t\t\t\t\t\t\t\t\t\t\t<\/h2>\n\t\t\t\t\t\t\t\t\t\t\t<p>Des conseils personnalis\u00e9s en mati\u00e8re d'immobilier et des recommandations de courtage pour r\u00e9pondre \u00e0 tous les <\/p>\n\t\t\t\t\t\t\t\t\t\t\t<a class=\"read-more\" href=\"https:\/\/imobiliart.com\/fr\/service\/conseil-en-immobilier\/\">\n\t\t\t\t\t\t\t\t\t\t\t\t<i class=\"fi ti-arrow-top-right\"><\/i>\n\t\t\t\t\t\t\t\t\t\t\t<\/a>\n\t\t\t\t\t\t\t\t\t\t<\/div>\n\t\t\t\t\t\t\t\t\t<\/div>\n\t\t\t\t\t\t\t\t\t\t\t\t\t\t\t\t<div class=\"col col-lg-3 col-md-6 col-12\">\n\t\t\t\t\t\t\t\t\t\t<div class=\"arkitek-service-item\">\n\t\t\t\t\t\t\t\t\t\t\t<img decoding=\"async\" src=\"https:\/\/imobiliart.com\/wp-content\/uploads\/2024\/01\/construction.png\" alt=\"\">\t\t\t\t\t\t\t\t\t\t\t<h2>\n\t\t\t\t\t\t\t\t\t\t\t\t<a href=\"https:\/\/imobiliart.com\/fr\/service\/developpement-immobilier\/\">\n\t\t\t\t\t\t\t\t\t\t\t\t\tD\u00e9veloppement immobilier<\/a>\n\t\t\t\t\t\t\t\t\t\t\t<\/h2>\n\t\t\t\t\t\t\t\t\t\t\t<p>Nous identifions les opportunit\u00e9s rentables et maximisons le potentiel des biens immobiliers pour obtenir des r\u00e9sultats <\/p>\n\t\t\t\t\t\t\t\t\t\t\t<a class=\"read-more\" href=\"https:\/\/imobiliart.com\/fr\/service\/developpement-immobilier\/\">\n\t\t\t\t\t\t\t\t\t\t\t\t<i class=\"fi ti-arrow-top-right\"><\/i>\n\t\t\t\t\t\t\t\t\t\t\t<\/a>\n\t\t\t\t\t\t\t\t\t\t<\/div>\n\t\t\t\t\t\t\t\t\t<\/div>\n\t\t\t\t\t\t\t\t\t\t\t\t\t\t\t\t<div class=\"col col-lg-3 col-md-6 col-12\">\n\t\t\t\t\t\t\t\t\t\t<div class=\"arkitek-service-item\">\n\t\t\t\t\t\t\t\t\t\t\t<img decoding=\"async\" src=\"https:\/\/imobiliart.com\/wp-content\/uploads\/2024\/01\/mortgage.png\" alt=\"\">\t\t\t\t\t\t\t\t\t\t\t<h2>\n\t\t\t\t\t\t\t\t\t\t\t\t<a href=\"https:\/\/imobiliart.com\/fr\/service\/courtage\/\">\n\t\t\t\t\t\t\t\t\t\t\t\t\tCourtage<\/a>\n\t\t\t\t\t\t\t\t\t\t\t<\/h2>\n\t\t\t\t\t\t\t\t\t\t\t<p>Les services de courtage r\u00e9f\u00e9renc\u00e9s d'Imobiliart offrent une expertise de confiance pour divers besoins immobiliers.<\/p>\n\t\t\t\t\t\t\t\t\t\t\t<a class=\"read-more\" href=\"https:\/\/imobiliart.com\/fr\/service\/courtage\/\">\n\t\t\t\t\t\t\t\t\t\t\t\t<i class=\"fi ti-arrow-top-right\"><\/i>\n\t\t\t\t\t\t\t\t\t\t\t<\/a>\n\t\t\t\t\t\t\t\t\t\t<\/div>\n\t\t\t\t\t\t\t\t\t<\/div>\n\t\t\t\t\t\t\t\t\t\t\t\t\t\t\t\t<div class=\"col col-lg-3 col-md-6 col-12\">\n\t\t\t\t\t\t\t\t\t\t<div class=\"arkitek-service-item\">\n\t\t\t\t\t\t\t\t\t\t\t<img decoding=\"async\" src=\"https:\/\/imobiliart.com\/wp-content\/uploads\/2024\/01\/facility-management.png\" alt=\"\">\t\t\t\t\t\t\t\t\t\t\t<h2>\n\t\t\t\t\t\t\t\t\t\t\t\t<a href=\"https:\/\/imobiliart.com\/fr\/service\/gestion-immobiliere\/\">\n\t\t\t\t\t\t\t\t\t\t\t\t\tGestion immobili\u00e8re<\/a>\n\t\t\t\t\t\t\t\t\t\t\t<\/h2>\n\t\t\t\t\t\t\t\t\t\t\t<p>G\u00e9rer de mani\u00e8re experte les propri\u00e9t\u00e9s \u00e0 long terme et \u00e0 court terme pour une rentabilit\u00e9 <\/p>\n\t\t\t\t\t\t\t\t\t\t\t<a class=\"read-more\" href=\"https:\/\/imobiliart.com\/fr\/service\/gestion-immobiliere\/\">\n\t\t\t\t\t\t\t\t\t\t\t\t<i class=\"fi ti-arrow-top-right\"><\/i>\n\t\t\t\t\t\t\t\t\t\t\t<\/a>\n\t\t\t\t\t\t\t\t\t\t<\/div>\n\t\t\t\t\t\t\t\t\t<\/div>\n\t\t\t\t\t\t\t\t\t\t\t\t\t<\/div>\n\t\t\t\t\t<\/div>\n\t\t\t\t<\/div>\n\t\t\t<\/div>\n\t\t\t\t<\/div>\n\t\t\t\t<\/div>\n\t\t\t\t\t<\/div>\n\t\t<\/div>\n\t\t\t\t\t\t\t<\/div>\n\t\t<\/section>\n\t\t\t\t\t\t\t<\/div>\n\t\t","protected":false},"excerpt":{"rendered":"D\u00e9couvrez nos Services immobiliers Real Estate Consulting Personalized real estate consulting and brokerage referrals to meet all client needs. Real Estate Development We identify profitable opportunities and maximize property potential for lucrative outcomes. Brokerage Imobiliart&rsquo;s referred brokerage services offer trusted expertise for diverse real estate needs. Property Management Expertly manage both long-term and short-term properties ","protected":false},"author":4,"featured_media":1577,"parent":0,"menu_order":0,"comment_status":"closed","ping_status":"closed","template":"elementor_header_footer","meta":{"_acf_changed":false,"inline_featured_image":false,"footnotes":""},"class_list":["post-1625","page","type-page","status-publish","has-post-thumbnail","hentry"],"acf":[],"yoast_head":"<!-- This site is optimized with the Yoast SEO plugin v22.7 - https:\/\/yoast.com\/wordpress\/plugins\/seo\/ -->\n<title>Services - Imobiliart<\/title>\n<meta name=\"robots\" content=\"index, follow, max-snippet:-1, max-image-preview:large, max-video-preview:-1\" \/>\n<link rel=\"canonical\" href=\"https:\/\/imobiliart.com\/services\/\" \/>\n<meta property=\"og:locale\" content=\"fr_FR\" \/>\n<meta property=\"og:type\" content=\"article\" \/>\n<meta property=\"og:title\" content=\"Services - Imobiliart\" \/>\n<meta property=\"og:description\" content=\"D\u00e9couvrez nos Services immobiliers Real Estate Consulting Personalized real estate consulting and brokerage referrals to meet all client needs. Real Estate Development We identify profitable opportunities and maximize property potential for lucrative outcomes. Brokerage Imobiliart&rsquo;s referred brokerage services offer trusted expertise for diverse real estate needs. Property Management Expertly manage both long-term and short-term properties\" \/>\n<meta property=\"og:url\" content=\"https:\/\/imobiliart.com\/services\/\" \/>\n<meta property=\"og:site_name\" content=\"Imobiliart\" \/>\n<meta property=\"article:modified_time\" content=\"2024-04-29T20:38:07+00:00\" \/>\n<meta property=\"og:image\" content=\"https:\/\/imobiliart.com\/wp-content\/uploads\/2024\/01\/condos.jpg\" \/>\n\t<meta property=\"og:image:width\" content=\"2000\" \/>\n\t<meta property=\"og:image:height\" content=\"1333\" \/>\n\t<meta property=\"og:image:type\" content=\"image\/jpeg\" \/>\n<meta name=\"twitter:card\" content=\"summary_large_image\" \/>\n<meta name=\"twitter:label1\" content=\"Dur\u00e9e de lecture estim\u00e9e\" \/>\n\t<meta name=\"twitter:data1\" content=\"2 minutes\" \/>\n<script type=\"application\/ld+json\" class=\"yoast-schema-graph\">{\"@context\":\"https:\/\/schema.org\",\"@graph\":[{\"@type\":\"WebPage\",\"@id\":\"https:\/\/imobiliart.com\/services\/\",\"url\":\"https:\/\/imobiliart.com\/services\/\",\"name\":\"Services - Imobiliart\",\"isPartOf\":{\"@id\":\"https:\/\/imobiliart.com\/#website\"},\"primaryImageOfPage\":{\"@id\":\"https:\/\/imobiliart.com\/services\/#primaryimage\"},\"image\":{\"@id\":\"https:\/\/imobiliart.com\/services\/#primaryimage\"},\"thumbnailUrl\":\"https:\/\/imobiliart.com\/wp-content\/uploads\/2024\/01\/condos.jpg\",\"datePublished\":\"2023-04-05T08:39:29+00:00\",\"dateModified\":\"2024-04-29T20:38:07+00:00\",\"breadcrumb\":{\"@id\":\"https:\/\/imobiliart.com\/services\/#breadcrumb\"},\"inLanguage\":\"fr-FR\",\"potentialAction\":[{\"@type\":\"ReadAction\",\"target\":[\"https:\/\/imobiliart.com\/services\/\"]}]},{\"@type\":\"ImageObject\",\"inLanguage\":\"fr-FR\",\"@id\":\"https:\/\/imobiliart.com\/services\/#primaryimage\",\"url\":\"https:\/\/imobiliart.com\/wp-content\/uploads\/2024\/01\/condos.jpg\",\"contentUrl\":\"https:\/\/imobiliart.com\/wp-content\/uploads\/2024\/01\/condos.jpg\",\"width\":2000,\"height\":1333},{\"@type\":\"BreadcrumbList\",\"@id\":\"https:\/\/imobiliart.com\/services\/#breadcrumb\",\"itemListElement\":[{\"@type\":\"ListItem\",\"position\":1,\"name\":\"Home\",\"item\":\"https:\/\/imobiliart.com\/fr\/\"},{\"@type\":\"ListItem\",\"position\":2,\"name\":\"Services\"}]},{\"@type\":\"WebSite\",\"@id\":\"https:\/\/imobiliart.com\/#website\",\"url\":\"https:\/\/imobiliart.com\/\",\"name\":\"Imobiliart\",\"description\":\"\",\"publisher\":{\"@id\":\"https:\/\/imobiliart.com\/#organization\"},\"potentialAction\":[{\"@type\":\"SearchAction\",\"target\":{\"@type\":\"EntryPoint\",\"urlTemplate\":\"https:\/\/imobiliart.com\/?s={search_term_string}\"},\"query-input\":\"required name=search_term_string\"}],\"inLanguage\":\"fr-FR\"},{\"@type\":\"Organization\",\"@id\":\"https:\/\/imobiliart.com\/#organization\",\"name\":\"Imobiliart\",\"url\":\"https:\/\/imobiliart.com\/\",\"logo\":{\"@type\":\"ImageObject\",\"inLanguage\":\"fr-FR\",\"@id\":\"https:\/\/imobiliart.com\/#\/schema\/logo\/image\/\",\"url\":\"https:\/\/imobiliart.com\/wp-content\/uploads\/2024\/01\/imobiliart-logo.png\",\"contentUrl\":\"https:\/\/imobiliart.com\/wp-content\/uploads\/2024\/01\/imobiliart-logo.png\",\"width\":1478,\"height\":531,\"caption\":\"Imobiliart\"},\"image\":{\"@id\":\"https:\/\/imobiliart.com\/#\/schema\/logo\/image\/\"}}]}<\/script>\n<!-- \/ Yoast SEO plugin. -->","yoast_head_json":{"title":"Services - Imobiliart","robots":{"index":"index","follow":"follow","max-snippet":"max-snippet:-1","max-image-preview":"max-image-preview:large","max-video-preview":"max-video-preview:-1"},"canonical":"https:\/\/imobiliart.com\/services\/","og_locale":"fr_FR","og_type":"article","og_title":"Services - Imobiliart","og_description":"D\u00e9couvrez nos Services immobiliers Real Estate Consulting Personalized real estate consulting and brokerage referrals to meet all client needs. Real Estate Development We identify profitable opportunities and maximize property potential for lucrative outcomes. Brokerage Imobiliart&rsquo;s referred brokerage services offer trusted expertise for diverse real estate needs. Property Management Expertly manage both long-term and short-term properties","og_url":"https:\/\/imobiliart.com\/services\/","og_site_name":"Imobiliart","article_modified_time":"2024-04-29T20:38:07+00:00","og_image":[{"width":2000,"height":1333,"url":"https:\/\/imobiliart.com\/wp-content\/uploads\/2024\/01\/condos.jpg","type":"image\/jpeg"}],"twitter_card":"summary_large_image","twitter_misc":{"Dur\u00e9e de lecture estim\u00e9e":"2 minutes"},"schema":{"@context":"https:\/\/schema.org","@graph":[{"@type":"WebPage","@id":"https:\/\/imobiliart.com\/services\/","url":"https:\/\/imobiliart.com\/services\/","name":"Services - Imobiliart","isPartOf":{"@id":"https:\/\/imobiliart.com\/#website"},"primaryImageOfPage":{"@id":"https:\/\/imobiliart.com\/services\/#primaryimage"},"image":{"@id":"https:\/\/imobiliart.com\/services\/#primaryimage"},"thumbnailUrl":"https:\/\/imobiliart.com\/wp-content\/uploads\/2024\/01\/condos.jpg","datePublished":"2023-04-05T08:39:29+00:00","dateModified":"2024-04-29T20:38:07+00:00","breadcrumb":{"@id":"https:\/\/imobiliart.com\/services\/#breadcrumb"},"inLanguage":"fr-FR","potentialAction":[{"@type":"ReadAction","target":["https:\/\/imobiliart.com\/services\/"]}]},{"@type":"ImageObject","inLanguage":"fr-FR","@id":"https:\/\/imobiliart.com\/services\/#primaryimage","url":"https:\/\/imobiliart.com\/wp-content\/uploads\/2024\/01\/condos.jpg","contentUrl":"https:\/\/imobiliart.com\/wp-content\/uploads\/2024\/01\/condos.jpg","width":2000,"height":1333},{"@type":"BreadcrumbList","@id":"https:\/\/imobiliart.com\/services\/#breadcrumb","itemListElement":[{"@type":"ListItem","position":1,"name":"Home","item":"https:\/\/imobiliart.com\/fr\/"},{"@type":"ListItem","position":2,"name":"Services"}]},{"@type":"WebSite","@id":"https:\/\/imobiliart.com\/#website","url":"https:\/\/imobiliart.com\/","name":"Imobiliart","description":"","publisher":{"@id":"https:\/\/imobiliart.com\/#organization"},"potentialAction":[{"@type":"SearchAction","target":{"@type":"EntryPoint","urlTemplate":"https:\/\/imobiliart.com\/?s={search_term_string}"},"query-input":"required name=search_term_string"}],"inLanguage":"fr-FR"},{"@type":"Organization","@id":"https:\/\/imobiliart.com\/#organization","name":"Imobiliart","url":"https:\/\/imobiliart.com\/","logo":{"@type":"ImageObject","inLanguage":"fr-FR","@id":"https:\/\/imobiliart.com\/#\/schema\/logo\/image\/","url":"https:\/\/imobiliart.com\/wp-content\/uploads\/2024\/01\/imobiliart-logo.png","contentUrl":"https:\/\/imobiliart.com\/wp-content\/uploads\/2024\/01\/imobiliart-logo.png","width":1478,"height":531,"caption":"Imobiliart"},"image":{"@id":"https:\/\/imobiliart.com\/#\/schema\/logo\/image\/"}}]}},"_links":{"self":[{"href":"https:\/\/imobiliart.com\/fr\/wp-json\/wp\/v2\/pages\/1625","targetHints":{"allow":["GET"]}}],"collection":[{"href":"https:\/\/imobiliart.com\/fr\/wp-json\/wp\/v2\/pages"}],"about":[{"href":"https:\/\/imobiliart.com\/fr\/wp-json\/wp\/v2\/types\/page"}],"author":[{"embeddable":true,"href":"https:\/\/imobiliart.com\/fr\/wp-json\/wp\/v2\/users\/4"}],"replies":[{"embeddable":true,"href":"https:\/\/imobiliart.com\/fr\/wp-json\/wp\/v2\/comments?post=1625"}],"version-history":[{"count":10,"href":"https:\/\/imobiliart.com\/fr\/wp-json\/wp\/v2\/pages\/1625\/revisions"}],"predecessor-version":[{"id":2035,"href":"https:\/\/imobiliart.com\/fr\/wp-json\/wp\/v2\/pages\/1625\/revisions\/2035"}],"wp:featuredmedia":[{"embeddable":true,"href":"https:\/\/imobiliart.com\/fr\/wp-json\/wp\/v2\/media\/1577"}],"wp:attachment":[{"href":"https:\/\/imobiliart.com\/fr\/wp-json\/wp\/v2\/media?parent=1625"}],"curies":[{"name":"wp","href":"https:\/\/api.w.org\/{rel}","templated":true}]}}